{"id":277,"date":"2016-10-27T11:01:31","date_gmt":"2016-10-27T09:01:31","guid":{"rendered":"http:\/\/ekoadria.hr\/en\/?page_id=277"},"modified":"2024-08-13T13:05:27","modified_gmt":"2024-08-13T11:05:27","slug":"legislation","status":"publish","type":"page","link":"https:\/\/ekoadria.hr\/en\/legislation\/","title":{"rendered":"Legislation"},"content":{"rendered":"<div class=\"wpb-content-wrapper\"><p>[vc_row][vc_column]<div id=\"ultimate-heading-106569d26d2764da8\" class=\"uvc-heading ult-adjust-bottom-margin ultimate-heading-106569d26d2764da8 uvc-9740  uvc-heading-default-font-sizes\" data-hspacer=\"no_spacer\"  data-halign=\"center\" style=\"text-align:center\"><div class=\"uvc-heading-spacer no_spacer\" style=\"top\"><\/div><div class=\"uvc-main-heading ult-responsive\"  data-ultimate-target='.uvc-heading.ultimate-heading-106569d26d2764da8 h1'  data-responsive-json-new='{\"font-size\":\"\",\"line-height\":\"\"}' ><h1 style=\"font-family:&#039;Oswald&#039;;font-weight:700;color:#808440;\">Legislation<\/h1><\/div><\/div><div class=\"ult-spacer spacer-69d26d2764e66\" data-id=\"69d26d2764e66\" data-height=\"50\" data-height-mobile=\"15\" data-height-tab=\"25\" data-height-tab-portrait=\"25\" data-height-mobile-landscape=\"15\" style=\"clear:both;display:block;\"><\/div>[vc_column_text]<\/p>\n<h3>Waste<\/h3>\n<p>[\/vc_column_text]<div class=\"standard-arrow list-divider\"><ul>\n<li>Zakon o gospodarenju otpadom\u00a0<a href=\"https:\/\/narodne-novine.nn.hr\/clanci\/sluzbeni\/2021_07_84_1554.html\" target=\"_blank\" rel=\"noopener noreferrer\">(NN 84\/21<\/a> i <a href=\"https:\/\/narodne-novine.nn.hr\/clanci\/sluzbeni\/2023_11_142_1953.html\">142\/23<\/a> &#8211; Odluka USRH)<\/li>\n<li>Strategija gospodarenja otpadom Republike Hrvatske\u00a0<a href=\"http:\/\/narodne-novine.nn.hr\/clanci\/sluzbeni\/2005_11_130_2398.html\" target=\"_blank\" rel=\"noopener noreferrer\">(NN 130\/05)<\/a><\/li>\n<li>Plan gospodarenja otpadom RH za razdoblje 2023-2028 (<a href=\"https:\/\/narodne-novine.nn.hr\/clanci\/sluzbeni\/2023_07_84_1334.html\" target=\"_blank\" rel=\"noopener noreferrer\">NN 84\/23<\/a>)<\/li>\n<li>Pravilnik o gospodarenju otpadom (<a href=\"https:\/\/narodne-novine.nn.hr\/clanci\/sluzbeni\/2022_09_106_1552.html\" target=\"_blank\" rel=\"noopener noreferrer\">NN 106\/22 <\/a>)<\/li>\n<li>Pravilnik o katalogu otpada\u00a0<a href=\"http:\/\/narodne-novine.nn.hr\/clanci\/sluzbeni\/2015_08_90_1757.html\" target=\"_blank\" rel=\"noopener noreferrer\">(NN 90\/15)<\/a><\/li>\n<li>Pravilnik o registru one\u010di\u0161\u0107avanja okoli\u0161a\u00a0<a href=\"https:\/\/narodne-novine.nn.hr\/clanci\/sluzbeni\/2022_01_3_31.html\" target=\"_blank\" rel=\"noopener noreferrer\">(NN 3\/22)<\/a><\/li>\n<li>Pravilnik o gospodarenju otpadnim gumama (<a href=\"https:\/\/narodne-novine.nn.hr\/clanci\/sluzbeni\/2016_12_113_2493.html\" target=\"_blank\" rel=\"noopener noreferrer\">NN 113\/16<\/a>)<\/li>\n<li>Pravilnik o ambala\u017ei i otpadnoj ambala\u017ei, plasti\u010dnim proizvodima za jednokratnu uporabu i ribolovnom alatu koji sadr\u017eava plastiku (<a href=\"https:\/\/narodne-novine.nn.hr\/clanci\/sluzbeni\/2023_11_137_1864.html\" target=\"_blank\" rel=\"noopener noreferrer\">NN 137\/23<\/a>)<\/li>\n<li>Pravilnik o gospodarenju otpadnom elektri\u010dnom i elektroni\u010dkom opremom (<a href=\"http:\/\/narodne-novine.nn.hr\/clanci\/sluzbeni\/2014_04_42_782.html\" target=\"_blank\" rel=\"noopener noreferrer\">NN 42\/14<\/a>,\u00a0<a href=\"http:\/\/narodne-novine.nn.hr\/clanci\/sluzbeni\/2014_04_48_941.html\" target=\"_blank\" rel=\"noopener noreferrer\">48\/14<\/a>,\u00a0<a href=\"http:\/\/narodne-novine.nn.hr\/clanci\/sluzbeni\/2014_09_107_2078.html\" target=\"_blank\" rel=\"noopener noreferrer\">107\/14<\/a>,\u00a0<a href=\"http:\/\/narodne-novine.nn.hr\/clanci\/sluzbeni\/2014_11_139_2625.html\" target=\"_blank\" rel=\"noopener noreferrer\">139\/14<\/a>,\u00a0<a href=\"https:\/\/narodne-novine.nn.hr\/clanci\/sluzbeni\/2019_01_11_230.html\" target=\"_blank\" rel=\"noopener noreferrer\">11\/19<\/a>,\u00a0<a href=\"https:\/\/narodne-novine.nn.hr\/clanci\/sluzbeni\/2020_01_7_157.html\">7\/20<\/a>)<\/li>\n<li>Pravilnik o gospodarenju otpadnim tekstilom i otpadnom obu\u0107om\u00a0<a href=\"http:\/\/narodne-novine.nn.hr\/clanci\/sluzbeni\/2015_09_99_1933.html\" target=\"_blank\" rel=\"noopener noreferrer\">(NN 99\/15)<\/a><\/li>\n<li>Pravilnik o baterijama i akumulatorima i otpadnim baterijama i akumulatorima\u00a0<a href=\"http:\/\/narodne-novine.nn.hr\/clanci\/sluzbeni\/2015_10_111_2147.html\" target=\"_blank\" rel=\"noopener noreferrer\">(NN 111\/15)<\/a><\/li>\n<li>Pravilnik o gospodarenju otpadnim vozilima (<a href=\"http:\/\/narodne-novine.nn.hr\/clanci\/sluzbeni\/2015_11_125_2384.html\" target=\"_blank\" rel=\"noopener noreferrer\">NN 125\/15<\/a>,\u00a0<a href=\"http:\/\/narodne-novine.nn.hr\/clanci\/sluzbeni\/2016_10_90_1914.html\" target=\"_blank\" rel=\"noopener noreferrer\">90\/16<\/a>,\u00a0<a href=\"https:\/\/narodne-novine.nn.hr\/clanci\/sluzbeni\/2018_07_60_1257.html\" target=\"_blank\" rel=\"noopener noreferrer\">60\/18,<\/a>\u00a0<a href=\"https:\/\/narodne-novine.nn.hr\/clanci\/sluzbeni\/2018_08_72_1488.html\" target=\"_blank\" rel=\"noopener noreferrer\">72\/18<\/a>,\u00a0<a href=\"https:\/\/narodne-novine.nn.hr\/clanci\/sluzbeni\/2020_07_81_1519.html\">81\/20<\/a>)<\/li>\n<li>Pravilnik o gra\u0111evnom otpadu i otpadu koji sadr\u017ei azbest<a href=\"http:\/\/narodne-novine.nn.hr\/clanci\/sluzbeni\/2016_07_69_1650.html\" target=\"_blank\" rel=\"noopener noreferrer\">\u00a0(NN 69\/16)<\/a><\/li>\n<li>Pravilnik o gospodarenju otpadnim uljima (<a href=\"http:\/\/narodne-novine.nn.hr\/clanci\/sluzbeni\/2006_11_124_2762.html\" target=\"_blank\" rel=\"noopener noreferrer\">NN 124\/06<\/a>,<a href=\"http:\/\/narodne-novine.nn.hr\/clanci\/sluzbeni\/2008_10_121_3482.html\" target=\"_blank\" rel=\"noopener noreferrer\">\u00a0121\/08<\/a>,\u00a0<a href=\"http:\/\/narodne-novine.nn.hr\/clanci\/sluzbeni\/2009_03_31_682.html\" target=\"_blank\" rel=\"noopener noreferrer\">31\/09<\/a>,\u00a0<a href=\"http:\/\/narodne-novine.nn.hr\/clanci\/sluzbeni\/2009_12_156_3896.html\" target=\"_blank\" rel=\"noopener noreferrer\">156\/09<\/a>,\u00a0<a href=\"http:\/\/narodne-novine.nn.hr\/clanci\/sluzbeni\/2011_08_91_1946.html\" target=\"_blank\" rel=\"noopener noreferrer\">91\/11<\/a>,\u00a0<a href=\"http:\/\/narodne-novine.nn.hr\/clanci\/sluzbeni\/2012_04_45_1127.html\" target=\"_blank\" rel=\"noopener noreferrer\">45\/12<\/a>,\u00a0<a href=\"http:\/\/narodne-novine.nn.hr\/clanci\/sluzbeni\/2013_07_86_1933.html\" target=\"_blank\" rel=\"noopener noreferrer\">86\/13<\/a>)<\/li>\n<li>Pravilnik o gospodarenju medicinskim otpadom<a href=\"https:\/\/narodne-novine.nn.hr\/clanci\/sluzbeni\/2019_06_56_1066.html\" target=\"_blank\" rel=\"noopener noreferrer\">\u00a0(NN 50\/15, 56\/19)<\/a><\/li>\n<li>Pravilnik o ukidanju statusa otpada <a href=\"https:\/\/narodne-novine.nn.hr\/clanci\/sluzbeni\/2023_05_55_947.html\">(NN 55\/23)<\/a><\/li>\n<li>Pravilnik o gospodarenju posebnim kategorijama otpada u sustavu Fonda (<a href=\"https:\/\/narodne-novine.nn.hr\/clanci\/sluzbeni\/2023_10_124_1717.html\">NN 124\/23<\/a>)<\/li>\n<li>Pravilnik o spaljivanju i suspaljivanju otpada (<a href=\"https:\/\/narodne-novine.nn.hr\/clanci\/sluzbeni\/2023_10_124_1718.html\">NN 124\/23<\/a>)<\/li>\n<\/ul>\n<\/div><div class=\"ult-spacer spacer-69d26d2765166\" data-id=\"69d26d2765166\" data-height=\"50\" data-height-mobile=\"15\" data-height-tab=\"25\" data-height-tab-portrait=\"25\" data-height-mobile-landscape=\"15\" style=\"clear:both;display:block;\"><\/div>[vc_column_text]<\/p>\n<h3>Chemicals<\/h3>\n<p>[\/vc_column_text]<div class=\"standard-arrow list-divider\"><ul>\n<li>Zakon o kemikalijama (<a href=\"http:\/\/narodne-novine.nn.hr\/clanci\/sluzbeni\/2013_02_18_294.html\" target=\"_blank\" rel=\"noopener noreferrer\">NN 18\/13<\/a>,\u00a0<a href=\"https:\/\/narodne-novine.nn.hr\/clanci\/sluzbeni\/2020_03_37_780.html\" target=\"_blank\" rel=\"noopener noreferrer\">115\/18, 37\/20<\/a>\u00a0)<\/li>\n<li>Pravilnik o uvjetima za obavljanje djelatnosti proizvodnje, stavljanja na tr\u017ei\u0161te i kori\u0161tenja opasnih kemikalija (<a href=\"https:\/\/narodne-novine.nn.hr\/clanci\/sluzbeni\/2013_07_99_2244.html\" target=\"_blank\" rel=\"noopener noreferrer\">NN 99\/13<\/a>,\u00a0<a href=\"http:\/\/narodne-novine.nn.hr\/clanci\/sluzbeni\/2013_12_157_3302.html\" target=\"_blank\" rel=\"noopener noreferrer\">157\/13<\/a>,\u00a0<a href=\"http:\/\/narodne-novine.nn.hr\/clanci\/sluzbeni\/2014_10_122_2352.html\" target=\"_blank\" rel=\"noopener noreferrer\">122\/14<\/a>)<\/li>\n<li>Pravilnik o na\u010dinu vo\u0111enja o\u010devidnika o kemikalijama te o na\u010dinu i rokovima dostave podataka iz o\u010devidnika (<a href=\"http:\/\/narodne-novine.nn.hr\/clanci\/sluzbeni\/2013_07_99_2247.html\" target=\"_blank\" rel=\"noopener noreferrer\">NN 99\/13<\/a>,\u00a0<a href=\"http:\/\/narodne-novine.nn.hr\/clanci\/sluzbeni\/2013_12_157_3304.html\" target=\"_blank\" rel=\"noopener noreferrer\">157\/13<\/a>)<\/li>\n<li>Pravilnika o metodologiji za izradu planova za\u0161tite i spa\u0161avanja (<a href=\"http:\/\/narodne-novine.nn.hr\/clanci\/sluzbeni\/2014_03_30_534.html\" target=\"_blank\" rel=\"noopener noreferrer\">NN 30\/2014<\/a>,\u00a0<a href=\"http:\/\/narodne-novine.nn.hr\/clanci\/sluzbeni\/2014_06_67_1281.html\" target=\"_blank\" rel=\"noopener noreferrer\">67\/14<\/a>)<\/li>\n<li>Uredba REACH (EZ) br.\u00a0<a href=\"http:\/\/www.hzt.hr\/zakonodavstvo\/reach.html\" target=\"_blank\" rel=\"noopener noreferrer\">1907\/2006<\/a><\/li>\n<li>Uredba CLP (EZ) br.\u00a0<a href=\"http:\/\/www.hzt.hr\/zakonodavstvo\/clp.html\" target=\"_blank\" rel=\"noopener noreferrer\">1272\/2008<\/a><\/li>\n<li>Zakon o provedbi uredbe o biocidima\u00a0<a href=\"http:\/\/narodne-novine.nn.hr\/clanci\/sluzbeni\/2013_04_39_726.html\" target=\"_blank\" rel=\"noopener noreferrer\">(NN 39\/2013)<\/a><\/li>\n<li>Uredba o stavljanju raspolaganja na tr\u017ei\u0161tu i uporabi biocidnih proizvoda (EU) br.\u00a0<a href=\"http:\/\/www.hzt.hr\/zakonodavstvo\/biocidi.html\" target=\"_blank\" rel=\"noopener noreferrer\">528\/2012<\/a><\/li>\n<\/ul>\n<\/div><div class=\"ult-spacer spacer-69d26d27652c0\" data-id=\"69d26d27652c0\" data-height=\"50\" data-height-mobile=\"15\" data-height-tab=\"25\" data-height-tab-portrait=\"25\" data-height-mobile-landscape=\"15\" style=\"clear:both;display:block;\"><\/div>[vc_column_text]<\/p>\n<h3>Environmental protection<\/h3>\n<p>[\/vc_column_text]<div class=\"standard-arrow list-divider\"><ul>\n<li>Zakon o za\u0161titi okoli\u0161a (<a href=\"http:\/\/narodne-novine.nn.hr\/clanci\/sluzbeni\/2013_06_80_1659.html\" target=\"_blank\" rel=\"noopener noreferrer\">NN 80\/13<\/a>,\u00a0<a href=\"http:\/\/narodne-novine.nn.hr\/clanci\/sluzbeni\/2015_07_78_1498.html\" target=\"_blank\" rel=\"noopener noreferrer\">78\/15<\/a>,\u00a0<a href=\"https:\/\/narodne-novine.nn.hr\/clanci\/sluzbeni\/2018_02_12_264.html\" target=\"_blank\" rel=\"noopener noreferrer\">12\/18<\/a>,\u00a0<a href=\"https:\/\/narodne-novine.nn.hr\/clanci\/sluzbeni\/2018_12_118_2345.html\" target=\"_blank\" rel=\"noopener noreferrer\">118\/18<\/a>)<\/li>\n<li>Uredba o procjeni utjecaja zahvata na okoli\u0161 (<a href=\"http:\/\/narodne-novine.nn.hr\/clanci\/sluzbeni\/2014_05_61_1138.html\" target=\"_blank\" rel=\"noopener noreferrer\">NN 61\/14<\/a>,\u00a0<a href=\"https:\/\/narodne-novine.nn.hr\/clanci\/sluzbeni\/2017_01_3_118.html\" target=\"_blank\" rel=\"noopener noreferrer\">3\/17<\/a>)<\/li>\n<li>Zakon o za\u0161titi prirode (NN\u00a0<a href=\"https:\/\/narodne-novine.nn.hr\/clanci\/sluzbeni\/2013_06_80_1658.html\">80\/13<\/a>,\u00a0<a href=\"https:\/\/narodne-novine.nn.hr\/clanci\/sluzbeni\/full\/2018_02_15_316.html\">15\/18<\/a>,\u00a0<a href=\"https:\/\/narodne-novine.nn.hr\/clanci\/sluzbeni\/2019_02_14_276.html\">14\/19<\/a>,\u00a0<a href=\"https:\/\/narodne-novine.nn.hr\/clanci\/sluzbeni\/2019_12_127_2559.html\">127\/19<\/a>)<\/li>\n<li>Pravilnik o ocjeni prihvatljivosti plana, programa i zahvata za ekolo\u0161ku mre\u017eu\u00a0<a href=\"http:\/\/narodne-novine.nn.hr\/clanci\/sluzbeni\/2009_09_118_2915.html\" target=\"_blank\" rel=\"noopener noreferrer\">(NN 118\/09)<\/a><\/li>\n<li>Zakon o vodama (<a href=\"https:\/\/narodne-novine.nn.hr\/clanci\/sluzbeni\/2019_07_66_1285.html\">NN 66\/19<\/a>,\u00a0<a href=\"https:\/\/narodne-novine.nn.hr\/clanci\/sluzbeni\/2021_07_84_1560.html\">84\/21<\/a>)<\/li>\n<li>Zakon o za\u0161titi zraka (<a href=\"http:\/\/narodne-novine.nn.hr\/clanci\/sluzbeni\/2011_11_130_2601.html\" target=\"_blank\" rel=\"noopener noreferrer\">NN\u00a0<\/a><a href=\"https:\/\/narodne-novine.nn.hr\/clanci\/sluzbeni\/2019_12_127_2553.html\">127\/19,\u00a0<\/a><a href=\"https:\/\/narodne-novine.nn.hr\/clanci\/sluzbeni\/full\/2022_05_57_808.html\">57\/22<\/a>)<\/li>\n<\/ul>\n<\/div>[\/vc_column][\/vc_row]<\/p>\n<\/div>","protected":false},"excerpt":{"rendered":"<p>[vc_row][vc_column][vc_column_text] Waste [\/vc_column_text][vc_column_text] Chemicals [\/vc_column_text][vc_column_text] Environmental protection [\/vc_column_text][\/vc_column][\/vc_row]<\/p>\n","protected":false},"author":1,"featured_media":0,"parent":0,"menu_order":4,"comment_status":"closed","ping_status":"closed","template":"","meta":{"footnotes":""},"class_list":["post-277","page","type-page","status-publish","hentry","description-off"],"yoast_head":"<!-- This site is optimized with the Yoast SEO plugin v26.2 - https:\/\/yoast.com\/wordpress\/plugins\/seo\/ -->\n<title>Legislation - Eko Adria<\/title>\n<meta name=\"robots\" content=\"index, follow, max-snippet:-1, max-image-preview:large, max-video-preview:-1\" \/>\n<link rel=\"canonical\" href=\"https:\/\/ekoadria.hr\/en\/legislation\/\" \/>\n<meta property=\"og:locale\" content=\"en_US\" \/>\n<meta property=\"og:type\" content=\"article\" \/>\n<meta property=\"og:title\" content=\"Legislation - Eko Adria\" \/>\n<meta property=\"og:description\" content=\"[vc_row][vc_column][vc_column_text] Waste [\/vc_column_text][vc_column_text] Chemicals [\/vc_column_text][vc_column_text] Environmental protection [\/vc_column_text][\/vc_column][\/vc_row]\" \/>\n<meta property=\"og:url\" content=\"https:\/\/ekoadria.hr\/en\/legislation\/\" \/>\n<meta property=\"og:site_name\" content=\"Eko Adria\" \/>\n<meta property=\"article:modified_time\" content=\"2024-08-13T11:05:27+00:00\" \/>\n<meta name=\"twitter:card\" content=\"summary_large_image\" \/>\n<meta name=\"twitter:label1\" content=\"Est. reading time\" \/>\n\t<meta name=\"twitter:data1\" content=\"2 minutes\" \/>\n<script type=\"application\/ld+json\" class=\"yoast-schema-graph\">{\"@context\":\"https:\/\/schema.org\",\"@graph\":[{\"@type\":\"WebPage\",\"@id\":\"https:\/\/ekoadria.hr\/en\/legislation\/\",\"url\":\"https:\/\/ekoadria.hr\/en\/legislation\/\",\"name\":\"Legislation - Eko Adria\",\"isPartOf\":{\"@id\":\"https:\/\/ekoadria.hr\/#website\"},\"datePublished\":\"2016-10-27T09:01:31+00:00\",\"dateModified\":\"2024-08-13T11:05:27+00:00\",\"breadcrumb\":{\"@id\":\"https:\/\/ekoadria.hr\/en\/legislation\/#breadcrumb\"},\"inLanguage\":\"en-US\",\"potentialAction\":[{\"@type\":\"ReadAction\",\"target\":[\"https:\/\/ekoadria.hr\/en\/legislation\/\"]}]},{\"@type\":\"BreadcrumbList\",\"@id\":\"https:\/\/ekoadria.hr\/en\/legislation\/#breadcrumb\",\"itemListElement\":[{\"@type\":\"ListItem\",\"position\":1,\"name\":\"Po\u010detna stranica\",\"item\":\"https:\/\/ekoadria.hr\/en\/pocetna\/\"},{\"@type\":\"ListItem\",\"position\":2,\"name\":\"Legislation\"}]},{\"@type\":\"WebSite\",\"@id\":\"https:\/\/ekoadria.hr\/#website\",\"url\":\"https:\/\/ekoadria.hr\/\",\"name\":\"Eko Adria\",\"description\":\"Savjetovanje u ekologiji\",\"potentialAction\":[{\"@type\":\"SearchAction\",\"target\":{\"@type\":\"EntryPoint\",\"urlTemplate\":\"https:\/\/ekoadria.hr\/?s={search_term_string}\"},\"query-input\":{\"@type\":\"PropertyValueSpecification\",\"valueRequired\":true,\"valueName\":\"search_term_string\"}}],\"inLanguage\":\"en-US\"}]}<\/script>\n<!-- \/ Yoast SEO plugin. -->","yoast_head_json":{"title":"Legislation - Eko Adria","robots":{"index":"index","follow":"follow","max-snippet":"max-snippet:-1","max-image-preview":"max-image-preview:large","max-video-preview":"max-video-preview:-1"},"canonical":"https:\/\/ekoadria.hr\/en\/legislation\/","og_locale":"en_US","og_type":"article","og_title":"Legislation - Eko Adria","og_description":"[vc_row][vc_column][vc_column_text] Waste [\/vc_column_text][vc_column_text] Chemicals [\/vc_column_text][vc_column_text] Environmental protection [\/vc_column_text][\/vc_column][\/vc_row]","og_url":"https:\/\/ekoadria.hr\/en\/legislation\/","og_site_name":"Eko Adria","article_modified_time":"2024-08-13T11:05:27+00:00","twitter_card":"summary_large_image","twitter_misc":{"Est. reading time":"2 minutes"},"schema":{"@context":"https:\/\/schema.org","@graph":[{"@type":"WebPage","@id":"https:\/\/ekoadria.hr\/en\/legislation\/","url":"https:\/\/ekoadria.hr\/en\/legislation\/","name":"Legislation - Eko Adria","isPartOf":{"@id":"https:\/\/ekoadria.hr\/#website"},"datePublished":"2016-10-27T09:01:31+00:00","dateModified":"2024-08-13T11:05:27+00:00","breadcrumb":{"@id":"https:\/\/ekoadria.hr\/en\/legislation\/#breadcrumb"},"inLanguage":"en-US","potentialAction":[{"@type":"ReadAction","target":["https:\/\/ekoadria.hr\/en\/legislation\/"]}]},{"@type":"BreadcrumbList","@id":"https:\/\/ekoadria.hr\/en\/legislation\/#breadcrumb","itemListElement":[{"@type":"ListItem","position":1,"name":"Po\u010detna stranica","item":"https:\/\/ekoadria.hr\/en\/pocetna\/"},{"@type":"ListItem","position":2,"name":"Legislation"}]},{"@type":"WebSite","@id":"https:\/\/ekoadria.hr\/#website","url":"https:\/\/ekoadria.hr\/","name":"Eko Adria","description":"Savjetovanje u ekologiji","potentialAction":[{"@type":"SearchAction","target":{"@type":"EntryPoint","urlTemplate":"https:\/\/ekoadria.hr\/?s={search_term_string}"},"query-input":{"@type":"PropertyValueSpecification","valueRequired":true,"valueName":"search_term_string"}}],"inLanguage":"en-US"}]}},"_links":{"self":[{"href":"https:\/\/ekoadria.hr\/en\/wp-json\/wp\/v2\/pages\/277","targetHints":{"allow":["GET"]}}],"collection":[{"href":"https:\/\/ekoadria.hr\/en\/wp-json\/wp\/v2\/pages"}],"about":[{"href":"https:\/\/ekoadria.hr\/en\/wp-json\/wp\/v2\/types\/page"}],"author":[{"embeddable":true,"href":"https:\/\/ekoadria.hr\/en\/wp-json\/wp\/v2\/users\/1"}],"replies":[{"embeddable":true,"href":"https:\/\/ekoadria.hr\/en\/wp-json\/wp\/v2\/comments?post=277"}],"version-history":[{"count":10,"href":"https:\/\/ekoadria.hr\/en\/wp-json\/wp\/v2\/pages\/277\/revisions"}],"predecessor-version":[{"id":1791,"href":"https:\/\/ekoadria.hr\/en\/wp-json\/wp\/v2\/pages\/277\/revisions\/1791"}],"wp:attachment":[{"href":"https:\/\/ekoadria.hr\/en\/wp-json\/wp\/v2\/media?parent=277"}],"curies":[{"name":"wp","href":"https:\/\/api.w.org\/{rel}","templated":true}]}}